{"id":1796,"date":"2022-03-09T16:52:36","date_gmt":"2022-03-09T16:52:36","guid":{"rendered":"https:\/\/humanfleet.org\/o-nosso-trabalho\/consultoria\/"},"modified":"2023-05-17T02:03:56","modified_gmt":"2023-05-17T02:03:56","slug":"consultoria","status":"publish","type":"page","link":"https:\/\/humanfleet.org\/pt-pt\/o-nosso-trabalho\/consultoria\/","title":{"rendered":"Consultoria"},"content":{"rendered":"<p>[et_pb_section fb_built=&#8221;1&#8243; admin_label=&#8221;Hero Section&#8221; module_class=&#8221;dh-valign-center-section&#8221; _builder_version=&#8221;4.21.0&#8243; use_background_color_gradient=&#8221;on&#8221; background_color_gradient_direction=&#8221;105deg&#8221; background_color_gradient_stops=&#8221;#004e7c 0%|rgba(38,64,89,0) 100%&#8221; background_color_gradient_overlays_image=&#8221;on&#8221; background_color_gradient_start=&#8221;#004e7c&#8221; background_color_gradient_end=&#8221;rgba(38,64,89,0)&#8221; background_image=&#8221;https:\/\/humanfleet.org\/wp-content\/uploads\/2023\/05\/IMG_6822.jpg&#8221; background_position=&#8221;center_left&#8221; height=&#8221;35vh&#8221; custom_padding=&#8221;|0px||0px|true|false&#8221; hover_enabled=&#8221;0&#8243; global_colors_info=&#8221;{}&#8221; title_text=&#8221;empoderar-para-transformar-humanfleet&#8221; sticky_enabled=&#8221;0&#8243;][et_pb_row make_equal=&#8221;on&#8221; custom_padding_last_edited=&#8221;on|desktop&#8221; _builder_version=&#8221;4.16&#8243; background_size=&#8221;initial&#8221; background_position=&#8221;top_left&#8221; background_repeat=&#8221;repeat&#8221; width=&#8221;50%&#8221; width_tablet=&#8221;100%&#8221; width_phone=&#8221;100%&#8221; width_last_edited=&#8221;on|desktop&#8221; module_alignment=&#8221;left&#8221; custom_margin=&#8221;||||false|false&#8221; custom_padding=&#8221;|||8%|false|false&#8221; custom_padding_tablet=&#8221;|||8%|false|false&#8221; custom_padding_phone=&#8221;|||8%|false|false&#8221; global_colors_info=&#8221;{}&#8221;][et_pb_column type=&#8221;4_4&#8243; _builder_version=&#8221;4.16&#8243; custom_padding=&#8221;|||&#8221; custom_css_main_element=&#8221;margin:auto&#8221; global_colors_info=&#8221;{}&#8221; custom_padding__hover=&#8221;|||&#8221;][et_pb_text _builder_version=&#8221;4.17.4&#8243; _dynamic_attributes=&#8221;content&#8221; _module_preset=&#8221;default&#8221; text_text_color=&#8221;#FFFFFF&#8221; text_font_size=&#8221;70px&#8221; text_line_height=&#8221;1.1em&#8221; text_font_size_tablet=&#8221;70px&#8221; text_font_size_phone=&#8221;45px&#8221; text_font_size_last_edited=&#8221;on|phone&#8221; global_colors_info=&#8221;{}&#8221;]@ET-DC@eyJkeW5hbWljIjp0cnVlLCJjb250ZW50IjoicG9zdF90aXRsZSIsInNldHRpbmdzIjp7ImJlZm9yZSI6IiIsImFmdGVyIjoiIn19@[\/et_pb_text][\/et_pb_column][\/et_pb_row][\/et_pb_section][et_pb_section fb_built=&#8221;1&#8243; _builder_version=&#8221;4.16&#8243; _module_preset=&#8221;default&#8221; global_colors_info=&#8221;{}&#8221;][et_pb_row column_structure=&#8221;1_2,1_2&#8243; use_custom_gutter=&#8221;on&#8221; gutter_width=&#8221;4&#8243; _builder_version=&#8221;4.16.0&#8243; _module_preset=&#8221;default&#8221; global_colors_info=&#8221;{}&#8221;][et_pb_column type=&#8221;1_2&#8243; _builder_version=&#8221;4.16&#8243; _module_preset=&#8221;default&#8221; global_colors_info=&#8221;{}&#8221;][et_pb_text _builder_version=&#8221;4.17.4&#8243; _module_preset=&#8221;default&#8221; text_text_color=&#8221;#454545&#8243; text_font_size=&#8221;23px&#8221; text_line_height=&#8221;1.6em&#8221; header_4_font_size=&#8221;33px&#8221; header_5_font_size=&#8221;33px&#8221; text_orientation=&#8221;justified&#8221; text_font_size_tablet=&#8221;23px&#8221; text_font_size_phone=&#8221;20px&#8221; text_font_size_last_edited=&#8221;on|phone&#8221; text_orientation_tablet=&#8221;justified&#8221; text_orientation_phone=&#8221;left&#8221; text_orientation_last_edited=&#8221;on|phone&#8221; global_colors_info=&#8221;{}&#8221;]<\/p>\n<p bis_size=\"{\"x\":11,\"y\":16,\"w\":356,\"h\":120,\"abs_x\":1312,\"abs_y\":586}\"><span style=\"font-weight: 400;\" bis_size=\"{\"x\":11,\"y\":18,\"w\":346,\"h\":115,\"abs_x\":1312,\"abs_y\":588}\">A Humanfleet entende a consultoria como a presta\u00e7\u00e3o de <strong bis_size=\"{\"x\":11,\"y\":42,\"w\":251,\"h\":19,\"abs_x\":1312,\"abs_y\":612}\">aconselhamento profissional e especializado<\/strong> com base na nossa <strong bis_size=\"{\"x\":11,\"y\":66,\"w\":201,\"h\":19,\"abs_x\":1312,\"abs_y\":636}\">investiga\u00e7\u00e3o e experi\u00eancia<\/strong> sobre o que tem o <strong bis_size=\"{\"x\":50,\"y\":90,\"w\":185,\"h\":19,\"abs_x\":1351,\"abs_y\":660}\">impacto<\/strong> mais <strong bis_size=\"{\"x\":50,\"y\":90,\"w\":185,\"h\":19,\"abs_x\":1351,\"abs_y\":660}\">transformador<\/strong> nas <strong bis_size=\"{\"x\":260,\"y\":90,\"w\":55,\"h\":19,\"abs_x\":1561,\"abs_y\":660}\">pessoas<\/strong>, <strong bis_size=\"{\"x\":67,\"y\":114,\"w\":108,\"h\":19,\"abs_x\":1368,\"abs_y\":684}\">grupos\/comunidades<\/strong> e no <strong bis_size=\"{\"x\":236,\"y\":114,\"w\":52,\"h\":19,\"abs_x\":1537,\"abs_y\":684}\">planeta<\/strong>.<\/span><\/p>\n<p bis_size=\"{\"x\":11,\"y\":152,\"w\":356,\"h\":96,\"abs_x\":1312,\"abs_y\":722}\"><span style=\"font-weight: 400;\" bis_size=\"{\"x\":11,\"y\":154,\"w\":341,\"h\":91,\"abs_x\":1312,\"abs_y\":724}\">A consultoria que oferecemos permite-nos <strong bis_size=\"{\"x\":11,\"y\":154,\"w\":341,\"h\":43,\"abs_x\":1312,\"abs_y\":724}\">co-criar solu\u00e7\u00f5es<\/strong> para os <strong bis_size=\"{\"x\":152,\"y\":178,\"w\":86,\"h\":19,\"abs_x\":1453,\"abs_y\":748}\">desafios<\/strong> dos clientes e fornecer mais ferramentas humanas para uma maior <strong bis_size=\"{\"x\":11,\"y\":202,\"w\":296,\"h\":43,\"abs_x\":1312,\"abs_y\":772}\">resili\u00eancia, autonomia <\/strong>e<strong bis_size=\"{\"x\":125,\"y\":226,\"w\":60,\"h\":19,\"abs_x\":1426,\"abs_y\":796}\"> impacto<\/strong>.<\/span><\/p>\n<p>[\/et_pb_text][\/et_pb_column][et_pb_column type=&#8221;1_2&#8243; _builder_version=&#8221;4.16&#8243; _module_preset=&#8221;default&#8221; global_colors_info=&#8221;{}&#8221;][et_pb_image src=&#8221;https:\/\/humanfleet.org\/wp-content\/uploads\/2022\/03\/2-0091-6Step-Process-Diagram-PGo-4_3.pptx-2.001.jpeg&#8221; title_text=&#8221;2-0091-6Step-Process-Diagram-PGo-4_3.pptx 2.001&#8243; _builder_version=&#8221;4.16&#8243; _module_preset=&#8221;default&#8221; border_radii=&#8221;on|11px|11px|11px|11px&#8221; box_shadow_style=&#8221;preset1&#8243; box_shadow_color=&#8221;rgba(45,55,61,0.17)&#8221; global_colors_info=&#8221;{}&#8221;][\/et_pb_image][\/et_pb_column][\/et_pb_row][et_pb_row _builder_version=&#8221;4.16.0&#8243; _module_preset=&#8221;default&#8221; background_color=&#8221;#F9F9F9&#8243; custom_margin=&#8221;4em||||false|false&#8221; custom_padding=&#8221;3em|3em|3em|3em|true|true&#8221; border_radii=&#8221;on|11px|11px|11px|11px&#8221; box_shadow_style=&#8221;preset1&#8243; box_shadow_color=&#8221;rgba(0,0,0,0.11)&#8221; global_colors_info=&#8221;{}&#8221;][et_pb_column type=&#8221;4_4&#8243; _builder_version=&#8221;4.16&#8243; _module_preset=&#8221;default&#8221; global_colors_info=&#8221;{}&#8221;][et_pb_text _builder_version=&#8221;4.16&#8243; _module_preset=&#8221;default&#8221; header_4_font=&#8221;|700||on|||||&#8221; header_4_font_size=&#8221;22px&#8221; header_4_letter_spacing=&#8221;1px&#8221; global_colors_info=&#8221;{}&#8221;]<\/p>\n<h4 bis_size=\"{\"x\":11,\"y\":21,\"w\":411,\"h\":24,\"abs_x\":319,\"abs_y\":425}\">Estudos de caso<\/h4>\n<div id=\"gtx-trans\" style=\"position: absolute; left: 111px; top: -4.73438px;\" bis_size=\"{\"x\":111,\"y\":-4,\"w\":0,\"h\":24,\"abs_x\":419,\"abs_y\":400}\">\n<div class=\"gtx-trans-icon\" bis_size=\"{\"x\":111,\"y\":-4,\"w\":0,\"h\":24,\"abs_x\":419,\"abs_y\":400}\"><\/div>\n<\/div>\n<p>[\/et_pb_text][et_pb_portfolio fullwidth=&#8221;off&#8221; include_categories=&#8221;31&#8243; show_categories=&#8221;off&#8221; show_pagination=&#8221;off&#8221; zoom_icon_color=&#8221;#BC4FBF&#8221; _builder_version=&#8221;4.16.0&#8243; _module_preset=&#8221;default&#8221; title_font=&#8221;|600|||||||&#8221; border_radii=&#8221;on|11px|11px|11px|11px&#8221; global_colors_info=&#8221;{}&#8221;][\/et_pb_portfolio][\/et_pb_column][\/et_pb_row][\/et_pb_section]<\/p>\n","protected":false},"excerpt":{"rendered":"<p>A Humanfleet entende a consultoria como a presta\u00e7\u00e3o de aconselhamento profissional e especializado com base na nossa investiga\u00e7\u00e3o e experi\u00eancia sobre o que tem o impacto mais transformador nas pessoas, grupos\/comunidades e no planeta. A consultoria que oferecemos permite-nos co-criar solu\u00e7\u00f5es para os desafios dos clientes e fornecer mais ferramentas humanas para uma maior resili\u00eancia, [&hellip;]<\/p>\n","protected":false},"author":1,"featured_media":0,"parent":1793,"menu_order":0,"comment_status":"closed","ping_status":"closed","template":"","meta":{"_et_pb_use_builder":"on","_et_pb_old_content":"","_et_gb_content_width":"","footnotes":""},"class_list":["post-1796","page","type-page","status-publish","hentry"],"_links":{"self":[{"href":"https:\/\/humanfleet.org\/pt-pt\/wp-json\/wp\/v2\/pages\/1796","targetHints":{"allow":["GET"]}}],"collection":[{"href":"https:\/\/humanfleet.org\/pt-pt\/wp-json\/wp\/v2\/pages"}],"about":[{"href":"https:\/\/humanfleet.org\/pt-pt\/wp-json\/wp\/v2\/types\/page"}],"author":[{"embeddable":true,"href":"https:\/\/humanfleet.org\/pt-pt\/wp-json\/wp\/v2\/users\/1"}],"replies":[{"embeddable":true,"href":"https:\/\/humanfleet.org\/pt-pt\/wp-json\/wp\/v2\/comments?post=1796"}],"version-history":[{"count":8,"href":"https:\/\/humanfleet.org\/pt-pt\/wp-json\/wp\/v2\/pages\/1796\/revisions"}],"predecessor-version":[{"id":2398,"href":"https:\/\/humanfleet.org\/pt-pt\/wp-json\/wp\/v2\/pages\/1796\/revisions\/2398"}],"up":[{"embeddable":true,"href":"https:\/\/humanfleet.org\/pt-pt\/wp-json\/wp\/v2\/pages\/1793"}],"wp:attachment":[{"href":"https:\/\/humanfleet.org\/pt-pt\/wp-json\/wp\/v2\/media?parent=1796"}],"curies":[{"name":"wp","href":"https:\/\/api.w.org\/{rel}","templated":true}]}}