{"id":1802,"date":"2022-03-09T16:46:04","date_gmt":"2022-03-09T16:46:04","guid":{"rendered":"https:\/\/humanfleet.org\/o-nosso-trabalho\/facilitacao\/"},"modified":"2023-05-17T01:47:54","modified_gmt":"2023-05-17T01:47:54","slug":"facilitacao","status":"publish","type":"page","link":"https:\/\/humanfleet.org\/pt-pt\/o-nosso-trabalho\/facilitacao\/","title":{"rendered":"Facilita\u00e7\u00e3o"},"content":{"rendered":"<p>[et_pb_section fb_built=&#8221;1&#8243; admin_label=&#8221;Hero Section&#8221; module_class=&#8221;dh-valign-center-section&#8221; _builder_version=&#8221;4.21.0&#8243; use_background_color_gradient=&#8221;on&#8221; background_color_gradient_direction=&#8221;105deg&#8221; background_color_gradient_stops=&#8221;#004e7c 0%|rgba(38,64,89,0) 100%&#8221; background_color_gradient_overlays_image=&#8221;on&#8221; background_color_gradient_start=&#8221;#004e7c&#8221; background_color_gradient_end=&#8221;rgba(38,64,89,0)&#8221; background_image=&#8221;https:\/\/humanfleet.org\/wp-content\/uploads\/2023\/05\/WorldCfe-1.png&#8221; height=&#8221;35vh&#8221; custom_padding=&#8221;|0px||0px|true|false&#8221; hover_enabled=&#8221;0&#8243; global_colors_info=&#8221;{}&#8221; title_text=&#8221;WorldCafe-conselho-cidadaos-cml&#8221; sticky_enabled=&#8221;0&#8243;][et_pb_row make_equal=&#8221;on&#8221; custom_padding_last_edited=&#8221;on|desktop&#8221; _builder_version=&#8221;4.16&#8243; background_size=&#8221;initial&#8221; background_position=&#8221;top_left&#8221; background_repeat=&#8221;repeat&#8221; width=&#8221;50%&#8221; width_tablet=&#8221;100%&#8221; width_phone=&#8221;100%&#8221; width_last_edited=&#8221;on|desktop&#8221; module_alignment=&#8221;left&#8221; custom_margin=&#8221;||||false|false&#8221; custom_padding=&#8221;|||8%|false|false&#8221; custom_padding_tablet=&#8221;|||8%|false|false&#8221; custom_padding_phone=&#8221;|||8%|false|false&#8221; global_colors_info=&#8221;{}&#8221;][et_pb_column type=&#8221;4_4&#8243; _builder_version=&#8221;4.16&#8243; custom_padding=&#8221;|||&#8221; custom_css_main_element=&#8221;margin:auto&#8221; global_colors_info=&#8221;{}&#8221; custom_padding__hover=&#8221;|||&#8221;][et_pb_text _builder_version=&#8221;4.17.4&#8243; _dynamic_attributes=&#8221;content&#8221; _module_preset=&#8221;default&#8221; text_text_color=&#8221;#FFFFFF&#8221; text_font_size=&#8221;70px&#8221; text_line_height=&#8221;1.1em&#8221; text_font_size_tablet=&#8221;70px&#8221; text_font_size_phone=&#8221;45px&#8221; text_font_size_last_edited=&#8221;on|phone&#8221; global_colors_info=&#8221;{}&#8221;]@ET-DC@eyJkeW5hbWljIjp0cnVlLCJjb250ZW50IjoicG9zdF90aXRsZSIsInNldHRpbmdzIjp7ImJlZm9yZSI6IiIsImFmdGVyIjoiIn19@[\/et_pb_text][\/et_pb_column][\/et_pb_row][\/et_pb_section][et_pb_section fb_built=&#8221;1&#8243; _builder_version=&#8221;4.16&#8243; _module_preset=&#8221;default&#8221; global_colors_info=&#8221;{}&#8221;][et_pb_row _builder_version=&#8221;4.16&#8243; _module_preset=&#8221;default&#8221; global_colors_info=&#8221;{}&#8221;][et_pb_column type=&#8221;4_4&#8243; _builder_version=&#8221;4.16&#8243; _module_preset=&#8221;default&#8221; global_colors_info=&#8221;{}&#8221;][et_pb_text _builder_version=&#8221;4.17.4&#8243; _module_preset=&#8221;default&#8221; text_text_color=&#8221;#454545&#8243; text_font_size=&#8221;23px&#8221; text_line_height=&#8221;28px&#8221; text_orientation=&#8221;justified&#8221; text_font_size_tablet=&#8221;23px&#8221; text_font_size_phone=&#8221;20px&#8221; text_font_size_last_edited=&#8221;on|phone&#8221; text_orientation_tablet=&#8221;justified&#8221; text_orientation_phone=&#8221;left&#8221; text_orientation_last_edited=&#8221;on|phone&#8221; global_colors_info=&#8221;{}&#8221;]<\/p>\n<p><span style=\"font-weight: 400;\">Acreditamos que a facilita\u00e7\u00e3o \u00e9 uma compet\u00eancia essencial para qualquer empresa, organiza\u00e7\u00e3o ou lideran\u00e7a de grupo. O futuro vai pedir pessoas que possam dialogar com m\u00faltiplos perfis de parceiros, compreender diferentes vis\u00f5es do mundo, ajudar pessoas e equipas a alcan\u00e7ar os seus objectivos, promover a inclus\u00e3o e a diversidade e captar o melhor da intelig\u00eancia colectiva.<\/span><\/p>\n<p><span style=\"font-weight: 400;\">A nossa facilita\u00e7\u00e3o baseia-se na transforma\u00e7\u00e3o, coopera\u00e7\u00e3o, mudan\u00e7a, di\u00e1logo, tomada de decis\u00f5es e gest\u00e3o de conflitos. Um afastamento de uma l\u00f3gica exclusivamente hier\u00e1rquica e linear de controlo, rigidez e confronto em direc\u00e7\u00e3o a uma abordagem sist\u00e9mica, colaborativa, participativa e ascendente de confian\u00e7a e respeito, procurando activar a intelig\u00eancia colectiva e a regenera\u00e7\u00e3o do planeta.  <\/span><\/p>\n<p bis_size=\"{\"x\":11,\"y\":16,\"w\":681,\"h\":72,\"abs_x\":124,\"abs_y\":604}\"><i style=\"font-size: 17px;\"><\/i><\/p>\n<p bis_size=\"{\"x\":11,\"y\":16,\"w\":681,\"h\":72,\"abs_x\":124,\"abs_y\":604}\"><i style=\"font-size: 17px;\">&#8220;O principal objectivo de todas as actividades de facilita\u00e7\u00e3o \u00e9 aumentar a efic\u00e1cia dos outros, quer seja a efic\u00e1cia pessoal de um indiv\u00edduo que est\u00e1 a ser treinado, a capacidade de uma equipa para atingir os seus objectivos, ou o bem-estar geral de uma organiza\u00e7\u00e3o e da sua cultura&#8221;.<\/i><i><\/i><\/p>\n<p><span style=\"font-weight: 400;\">  Estrat\u00e9gias Avan\u00e7adas de Facilita\u00e7\u00e3o, Ingrid Bens<\/span><\/p>\n<p>&nbsp;<\/p>\n<p>[\/et_pb_text][\/et_pb_column][\/et_pb_row][et_pb_row column_structure=&#8221;1_2,1_2&#8243; _builder_version=&#8221;4.16&#8243; _module_preset=&#8221;default&#8221; global_colors_info=&#8221;{}&#8221;][et_pb_column type=&#8221;1_2&#8243; _builder_version=&#8221;4.16&#8243; _module_preset=&#8221;default&#8221; global_colors_info=&#8221;{}&#8221;][et_pb_text module_id=&#8221;facilitation-bullet-points&#8221; _builder_version=&#8221;4.17.4&#8243; _module_preset=&#8221;default&#8221; text_text_color=&#8221;#454545&#8243; text_font_size=&#8221;23px&#8221; text_line_height=&#8221;28px&#8221; header_4_font=&#8221;|700||on|||||&#8221; header_4_font_size=&#8221;28px&#8221; text_orientation=&#8221;justified&#8221; text_font_size_tablet=&#8221;23px&#8221; text_font_size_phone=&#8221;20px&#8221; text_font_size_last_edited=&#8221;on|phone&#8221; text_orientation_tablet=&#8221;justified&#8221; text_orientation_phone=&#8221;left&#8221; text_orientation_last_edited=&#8221;on|phone&#8221; global_colors_info=&#8221;{}&#8221;]<\/p>\n<h4><span style=\"font-weight: 400;\">Os nossos princ\u00edpios de facilita\u00e7\u00e3o <\/span><\/h4>\n<ol>\n<li style=\"font-weight: 400;\" aria-level=\"1\"><span style=\"font-weight: 400;\">Respeito sincero por todos os grupos e origens<\/span><\/li>\n<li style=\"font-weight: 400;\" aria-level=\"1\"><span style=\"font-weight: 400;\">Apoiar a transi\u00e7\u00e3o dos consumidores para os criadores de conhecimento e sabedoria<\/span><\/li>\n<li style=\"font-weight: 400;\" aria-level=\"1\"><span style=\"font-weight: 400;\">Espa\u00e7o de espera para transforma\u00e7\u00e3o e evolu\u00e7\u00e3o<\/span><\/li>\n<li style=\"font-weight: 400;\" aria-level=\"1\"><span style=\"font-weight: 400;\">Como em jogo como em vida: O jogo \u00e9 um campo de transforma\u00e7\u00e3o para uma vida com objectivos<\/span><\/li>\n<li style=\"font-weight: 400;\" aria-level=\"1\"><span style=\"font-weight: 400;\">Foco na experi\u00eancia e depois na reflex\u00e3o  <\/span><\/li>\n<li style=\"font-weight: 400;\" aria-level=\"1\"><span style=\"font-weight: 400;\">O processo de aprendizagem \u00e9 sobre auto-descoberta  <\/span><\/li>\n<li style=\"font-weight: 400;\" aria-level=\"1\"><span style=\"font-weight: 400;\">Ensino de todo o c\u00e9rebro e corpo<\/span><\/li>\n<li style=\"font-weight: 400;\" aria-level=\"1\"><span style=\"font-weight: 400;\">Acreditamos que todos possuem uma sabedoria inata que pode ser canalizada para o bem do colectivo<\/span><\/li>\n<li style=\"font-weight: 400;\" aria-level=\"1\"><span style=\"font-weight: 400;\">Advogar a co-evolu\u00e7\u00e3o e participa\u00e7\u00e3o<\/span><\/li>\n<li style=\"font-weight: 400;\" aria-level=\"1\"><span style=\"font-weight: 400;\">Valorizar o poder sin\u00e9rgico do colectivo  <\/span><\/li>\n<\/ol>\n<p>[\/et_pb_text][\/et_pb_column][et_pb_column type=&#8221;1_2&#8243; _builder_version=&#8221;4.16&#8243; _module_preset=&#8221;default&#8221; global_colors_info=&#8221;{}&#8221;][et_pb_text _builder_version=&#8221;4.16&#8243; _module_preset=&#8221;default&#8221; header_4_font=&#8221;|600||on|||||&#8221; header_4_letter_spacing=&#8221;1px&#8221; global_colors_info=&#8221;{}&#8221;]<\/p>\n<h4 bis_size=\"{\"x\":11,\"y\":21,\"w\":411,\"h\":24,\"abs_x\":319,\"abs_y\":425}\">Estudos de caso<\/h4>\n<div id=\"gtx-trans\" style=\"position: absolute; left: 111px; top: -4.73438px;\" bis_size=\"{\"x\":111,\"y\":-4,\"w\":0,\"h\":24,\"abs_x\":419,\"abs_y\":400}\">\n<div class=\"gtx-trans-icon\" bis_size=\"{\"x\":111,\"y\":-4,\"w\":0,\"h\":24,\"abs_x\":419,\"abs_y\":400}\"><\/div>\n<\/div>\n<p>[\/et_pb_text][et_pb_portfolio fullwidth=&#8221;off&#8221; include_categories=&#8221;33&#8243; show_categories=&#8221;off&#8221; show_pagination=&#8221;off&#8221; _builder_version=&#8221;4.16&#8243; _module_preset=&#8221;default&#8221; title_font=&#8221;|600|||||||&#8221; border_radii=&#8221;on|11px|11px|11px|11px&#8221; global_colors_info=&#8221;{}&#8221;][\/et_pb_portfolio][\/et_pb_column][\/et_pb_row][\/et_pb_section]<\/p>\n","protected":false},"excerpt":{"rendered":"<p>Acreditamos que a facilita\u00e7\u00e3o \u00e9 uma compet\u00eancia essencial para qualquer empresa, organiza\u00e7\u00e3o ou lideran\u00e7a de grupo. O futuro vai pedir pessoas que possam dialogar com m\u00faltiplos perfis de parceiros, compreender diferentes vis\u00f5es do mundo, ajudar pessoas e equipas a alcan\u00e7ar os seus objectivos, promover a inclus\u00e3o e a diversidade e captar o melhor da intelig\u00eancia [&hellip;]<\/p>\n","protected":false},"author":1,"featured_media":0,"parent":1793,"menu_order":0,"comment_status":"closed","ping_status":"closed","template":"","meta":{"_et_pb_use_builder":"on","_et_pb_old_content":"","_et_gb_content_width":"","footnotes":""},"class_list":["post-1802","page","type-page","status-publish","hentry"],"_links":{"self":[{"href":"https:\/\/humanfleet.org\/pt-pt\/wp-json\/wp\/v2\/pages\/1802","targetHints":{"allow":["GET"]}}],"collection":[{"href":"https:\/\/humanfleet.org\/pt-pt\/wp-json\/wp\/v2\/pages"}],"about":[{"href":"https:\/\/humanfleet.org\/pt-pt\/wp-json\/wp\/v2\/types\/page"}],"author":[{"embeddable":true,"href":"https:\/\/humanfleet.org\/pt-pt\/wp-json\/wp\/v2\/users\/1"}],"replies":[{"embeddable":true,"href":"https:\/\/humanfleet.org\/pt-pt\/wp-json\/wp\/v2\/comments?post=1802"}],"version-history":[{"count":7,"href":"https:\/\/humanfleet.org\/pt-pt\/wp-json\/wp\/v2\/pages\/1802\/revisions"}],"predecessor-version":[{"id":2377,"href":"https:\/\/humanfleet.org\/pt-pt\/wp-json\/wp\/v2\/pages\/1802\/revisions\/2377"}],"up":[{"embeddable":true,"href":"https:\/\/humanfleet.org\/pt-pt\/wp-json\/wp\/v2\/pages\/1793"}],"wp:attachment":[{"href":"https:\/\/humanfleet.org\/pt-pt\/wp-json\/wp\/v2\/media?parent=1802"}],"curies":[{"name":"wp","href":"https:\/\/api.w.org\/{rel}","templated":true}]}}