{"id":1805,"date":"2022-03-09T16:50:40","date_gmt":"2022-03-09T16:50:40","guid":{"rendered":"https:\/\/humanfleet.org\/o-nosso-trabalho\/mentoria\/"},"modified":"2023-05-17T02:04:15","modified_gmt":"2023-05-17T02:04:15","slug":"mentoria","status":"publish","type":"page","link":"https:\/\/humanfleet.org\/pt-pt\/o-nosso-trabalho\/mentoria\/","title":{"rendered":"Mentoria"},"content":{"rendered":"<p>[et_pb_section fb_built=&#8221;1&#8243; admin_label=&#8221;Hero Section&#8221; module_class=&#8221;dh-valign-center-section&#8221; _builder_version=&#8221;4.21.0&#8243; use_background_color_gradient=&#8221;on&#8221; background_color_gradient_direction=&#8221;105deg&#8221; background_color_gradient_stops=&#8221;#004e7c 0%|rgba(38,64,89,0) 100%&#8221; background_color_gradient_overlays_image=&#8221;on&#8221; background_color_gradient_start=&#8221;#004e7c&#8221; background_color_gradient_end=&#8221;rgba(38,64,89,0)&#8221; background_image=&#8221;https:\/\/humanfleet.org\/wp-content\/uploads\/2023\/05\/IMG_8105-scaled.jpg&#8221; height=&#8221;35vh&#8221; custom_padding=&#8221;|0px||0px|true|false&#8221; hover_enabled=&#8221;0&#8243; global_colors_info=&#8221;{}&#8221; title_text=&#8221;Empoderar-para-transformar-humanfleet&#8221; sticky_enabled=&#8221;0&#8243;][et_pb_row make_equal=&#8221;on&#8221; custom_padding_last_edited=&#8221;on|desktop&#8221; _builder_version=&#8221;4.16&#8243; background_size=&#8221;initial&#8221; background_position=&#8221;top_left&#8221; background_repeat=&#8221;repeat&#8221; width=&#8221;50%&#8221; width_tablet=&#8221;100%&#8221; width_phone=&#8221;100%&#8221; width_last_edited=&#8221;on|desktop&#8221; module_alignment=&#8221;left&#8221; custom_margin=&#8221;||||false|false&#8221; custom_padding=&#8221;|||8%|false|false&#8221; custom_padding_tablet=&#8221;|||8%|false|false&#8221; custom_padding_phone=&#8221;|||8%|false|false&#8221; global_colors_info=&#8221;{}&#8221;][et_pb_column type=&#8221;4_4&#8243; _builder_version=&#8221;4.16&#8243; custom_padding=&#8221;|||&#8221; custom_css_main_element=&#8221;margin:auto&#8221; global_colors_info=&#8221;{}&#8221; custom_padding__hover=&#8221;|||&#8221;][et_pb_text _builder_version=&#8221;4.17.4&#8243; _dynamic_attributes=&#8221;content&#8221; _module_preset=&#8221;default&#8221; text_text_color=&#8221;#FFFFFF&#8221; text_font_size=&#8221;70px&#8221; text_line_height=&#8221;1.1em&#8221; text_font_size_tablet=&#8221;70px&#8221; text_font_size_phone=&#8221;45px&#8221; text_font_size_last_edited=&#8221;on|phone&#8221; global_colors_info=&#8221;{}&#8221;]@ET-DC@eyJkeW5hbWljIjp0cnVlLCJjb250ZW50IjoicG9zdF90aXRsZSIsInNldHRpbmdzIjp7ImJlZm9yZSI6IiIsImFmdGVyIjoiIn19@[\/et_pb_text][\/et_pb_column][\/et_pb_row][\/et_pb_section][et_pb_section fb_built=&#8221;1&#8243; custom_padding_last_edited=&#8221;on|phone&#8221; _builder_version=&#8221;4.17.4&#8243; _module_preset=&#8221;default&#8221; custom_padding=&#8221;93px|||||&#8221; custom_padding_tablet=&#8221;93px|||||&#8221; custom_padding_phone=&#8221;3em||||false|false&#8221; global_colors_info=&#8221;{}&#8221;][et_pb_row column_structure=&#8221;1_2,1_2&#8243; use_custom_gutter=&#8221;on&#8221; gutter_width=&#8221;4&#8243; make_equal=&#8221;on&#8221; _builder_version=&#8221;4.16.0&#8243; _module_preset=&#8221;default&#8221; global_colors_info=&#8221;{}&#8221;][et_pb_column type=&#8221;1_2&#8243; _builder_version=&#8221;4.16.0&#8243; _module_preset=&#8221;default&#8221; global_colors_info=&#8221;{}&#8221;][et_pb_text _builder_version=&#8221;4.17.4&#8243; _module_preset=&#8221;default&#8221; text_text_color=&#8221;#454545&#8243; text_font_size=&#8221;23px&#8221; text_line_height=&#8221;1.4em&#8221; header_4_font_size=&#8221;33px&#8221; header_5_font_size=&#8221;33px&#8221; text_orientation=&#8221;justified&#8221; custom_padding=&#8221;||0px|||&#8221; text_font_size_tablet=&#8221;23px&#8221; text_font_size_phone=&#8221;20px&#8221; text_font_size_last_edited=&#8221;on|phone&#8221; text_orientation_tablet=&#8221;justified&#8221; text_orientation_phone=&#8221;left&#8221; text_orientation_last_edited=&#8221;on|phone&#8221; global_colors_info=&#8221;{}&#8221;]<\/p>\n<p><span style=\"font-weight: 400;\">Estas s\u00e3o sess\u00f5es individuais para l\u00edderes que procuram desenvolver e refor\u00e7ar as suas capacidades de lideran\u00e7a e resili\u00eancia na cria\u00e7\u00e3o de uma vis\u00e3o poderosa e executar o seu projecto de impacto e regenera\u00e7\u00e3o do sistema.<\/span><\/p>\n<p bis_size=\"{\"x\":11,\"y\":16,\"w\":356,\"h\":120,\"abs_x\":1312,\"abs_y\":586}\"><span style=\"font-weight: 400;\">Juntos podemos desenvolver a sua capacidade de fazer melhores escolhas e decis\u00f5es em conformidade com o seu objectivo.<\/span><\/p>\n<p><span style=\"font-weight: 400;\">As nossas sess\u00f5es de tutoria permitem-lhe descobrir onde se encontra neste momento na sua viagem e depois fornecer-lhe as ferramentas que lhe permitir\u00e3o caminhar em seguran\u00e7a para onde quer ir.<br \/><\/span><\/p>\n<p><span style=\"font-weight: 400;\">Juntos desenvolvemos a sua capacidade de fazer melhores escolhas e de tomar decis\u00f5es alinhadas com o seu prop\u00f3sito.  <\/span><\/p>\n<p>[\/et_pb_text][\/et_pb_column][et_pb_column type=&#8221;1_2&#8243; _builder_version=&#8221;4.16.0&#8243; _module_preset=&#8221;default&#8221; custom_css_main_element=&#8221;margin: auto;&#8221; global_colors_info=&#8221;{}&#8221;][et_pb_image src=&#8221;https:\/\/humanfleet.org\/wp-content\/uploads\/2022\/04\/mentorship_1.jpg&#8221; title_text=&#8221;mentoria_1&#8243; _builder_version=&#8221;4.16.0&#8243; _module_preset=&#8221;default&#8221; border_radii=&#8221;on|11px|11px|11px|11px&#8221; box_shadow_style=&#8221;preset1&#8243; box_shadow_color=&#8221;rgba(0,0,0,0.15)&#8221; global_colors_info=&#8221;{}&#8221;][\/et_pb_image][\/et_pb_column][\/et_pb_row][et_pb_row column_structure=&#8221;1_2,1_2&#8243; use_custom_gutter=&#8221;on&#8221; gutter_width=&#8221;4&#8243; make_equal=&#8221;on&#8221; _builder_version=&#8221;4.16.0&#8243; _module_preset=&#8221;default&#8221; custom_margin=&#8221;4em||2em||false|false&#8221; global_colors_info=&#8221;{}&#8221;][et_pb_column type=&#8221;1_2&#8243; _builder_version=&#8221;4.16.0&#8243; _module_preset=&#8221;default&#8221; custom_css_main_element=&#8221;margin: auto;&#8221; global_colors_info=&#8221;{}&#8221;][et_pb_image src=&#8221;https:\/\/humanfleet.org\/wp-content\/uploads\/2022\/04\/mentorship_2.jpg&#8221; title_text=&#8221;mentoria_2&#8243; _builder_version=&#8221;4.16.0&#8243; _module_preset=&#8221;default&#8221; border_radii=&#8221;on|11px|11px|11px|11px&#8221; box_shadow_style=&#8221;preset1&#8243; box_shadow_color=&#8221;rgba(0,0,0,0.15)&#8221; global_colors_info=&#8221;{}&#8221;][\/et_pb_image][\/et_pb_column][et_pb_column type=&#8221;1_2&#8243; _builder_version=&#8221;4.16&#8243; _module_preset=&#8221;default&#8221; global_colors_info=&#8221;{}&#8221;][et_pb_text _builder_version=&#8221;4.17.4&#8243; _module_preset=&#8221;default&#8221; text_text_color=&#8221;#454545&#8243; text_font_size=&#8221;23px&#8221; text_line_height=&#8221;1.4em&#8221; header_4_font_size=&#8221;33px&#8221; header_5_font_size=&#8221;33px&#8221; text_orientation=&#8221;justified&#8221; custom_padding=&#8221;||0px|||&#8221; custom_padding_tablet=&#8221;2em||0px||false|false&#8221; custom_padding_phone=&#8221;2em||0px||false|false&#8221; custom_padding_last_edited=&#8221;on|tablet&#8221; text_font_size_tablet=&#8221;23px&#8221; text_font_size_phone=&#8221;20px&#8221; text_font_size_last_edited=&#8221;on|phone&#8221; text_orientation_tablet=&#8221;justified&#8221; text_orientation_phone=&#8221;left&#8221; text_orientation_last_edited=&#8221;on|phone&#8221; global_colors_info=&#8221;{}&#8221;]<\/p>\n<p><span style=\"font-weight: 400;\">A nossa abordagem pr\u00e1tica \u00e9 guiada por princ\u00edpios de lideran\u00e7a regenerativa, mudan\u00e7a de sistema, intelig\u00eancia emocional e agilidade, resolu\u00e7\u00e3o criativa de problemas e aquilo a que chamamos Humanidade.<\/span><\/p>\n<p><span style=\"font-weight: 400;\">Temos trabalhado com CEO&#8217;s de grandes empresas, empreendedores sociais, artistas de renome, fundadores de comunidades e fabricantes de mudan\u00e7a<\/span><\/p>\n<p><span style=\"font-weight: 400;\">O feedback que recebemos \u00e9 que durante o nosso processo os aprendizes ganham maior consci\u00eancia do seu potencial, superam bloqueios e os resultados t\u00eam <\/span><span style=\"font-size: 23px;\">impactos transformadores. <\/span> <\/p>\n<p>[\/et_pb_text][\/et_pb_column][\/et_pb_row][\/et_pb_section]<\/p>\n","protected":false},"excerpt":{"rendered":"<p>Estas s\u00e3o sess\u00f5es individuais para l\u00edderes que procuram desenvolver e refor\u00e7ar as suas capacidades de lideran\u00e7a e resili\u00eancia na cria\u00e7\u00e3o de uma vis\u00e3o poderosa e executar o seu projecto de impacto e regenera\u00e7\u00e3o do sistema. Juntos podemos desenvolver a sua capacidade de fazer melhores escolhas e decis\u00f5es em conformidade com o seu objectivo. As nossas [&hellip;]<\/p>\n","protected":false},"author":1,"featured_media":0,"parent":1793,"menu_order":0,"comment_status":"closed","ping_status":"closed","template":"","meta":{"_et_pb_use_builder":"on","_et_pb_old_content":"","_et_gb_content_width":"","footnotes":""},"class_list":["post-1805","page","type-page","status-publish","hentry"],"_links":{"self":[{"href":"https:\/\/humanfleet.org\/pt-pt\/wp-json\/wp\/v2\/pages\/1805","targetHints":{"allow":["GET"]}}],"collection":[{"href":"https:\/\/humanfleet.org\/pt-pt\/wp-json\/wp\/v2\/pages"}],"about":[{"href":"https:\/\/humanfleet.org\/pt-pt\/wp-json\/wp\/v2\/types\/page"}],"author":[{"embeddable":true,"href":"https:\/\/humanfleet.org\/pt-pt\/wp-json\/wp\/v2\/users\/1"}],"replies":[{"embeddable":true,"href":"https:\/\/humanfleet.org\/pt-pt\/wp-json\/wp\/v2\/comments?post=1805"}],"version-history":[{"count":13,"href":"https:\/\/humanfleet.org\/pt-pt\/wp-json\/wp\/v2\/pages\/1805\/revisions"}],"predecessor-version":[{"id":2403,"href":"https:\/\/humanfleet.org\/pt-pt\/wp-json\/wp\/v2\/pages\/1805\/revisions\/2403"}],"up":[{"embeddable":true,"href":"https:\/\/humanfleet.org\/pt-pt\/wp-json\/wp\/v2\/pages\/1793"}],"wp:attachment":[{"href":"https:\/\/humanfleet.org\/pt-pt\/wp-json\/wp\/v2\/media?parent=1805"}],"curies":[{"name":"wp","href":"https:\/\/api.w.org\/{rel}","templated":true}]}}