{"id":1808,"date":"2022-03-09T16:51:52","date_gmt":"2022-03-09T16:51:52","guid":{"rendered":"https:\/\/humanfleet.org\/o-nosso-trabalho\/programas\/"},"modified":"2023-09-08T14:20:31","modified_gmt":"2023-09-08T14:20:31","slug":"programas","status":"publish","type":"page","link":"https:\/\/humanfleet.org\/pt-pt\/o-nosso-trabalho\/programas\/","title":{"rendered":"Programas"},"content":{"rendered":"<p>[et_pb_section fb_built=&#8221;1&#8243; admin_label=&#8221;Hero Section&#8221; module_class=&#8221;dh-valign-center-section&#8221; _builder_version=&#8221;4.21.0&#8243; use_background_color_gradient=&#8221;on&#8221; background_color_gradient_direction=&#8221;105deg&#8221; background_color_gradient_stops=&#8221;#004e7c 0%|rgba(38,64,89,0) 100%&#8221; background_color_gradient_overlays_image=&#8221;on&#8221; background_color_gradient_start=&#8221;#004e7c&#8221; background_color_gradient_end=&#8221;rgba(38,64,89,0)&#8221; background_image=&#8221;https:\/\/humanfleet.org\/wp-content\/uploads\/2023\/05\/programa-atlantis-2021-humanfleet-3.jpg&#8221; z_index=&#8221;1&#8243; height=&#8221;35vh&#8221; custom_padding=&#8221;|0px||0px|true|false&#8221; global_colors_info=&#8221;{}&#8221;][et_pb_row make_equal=&#8221;on&#8221; custom_padding_last_edited=&#8221;on|desktop&#8221; _builder_version=&#8221;4.17.4&#8243; background_size=&#8221;initial&#8221; background_position=&#8221;top_left&#8221; background_repeat=&#8221;repeat&#8221; width=&#8221;50%&#8221; width_tablet=&#8221;100%&#8221; width_phone=&#8221;100%&#8221; width_last_edited=&#8221;on|desktop&#8221; module_alignment=&#8221;left&#8221; custom_margin=&#8221;||||false|false&#8221; custom_padding=&#8221;|||8%|false|false&#8221; custom_padding_tablet=&#8221;|||8%|false|false&#8221; custom_padding_phone=&#8221;|||8%|false|false&#8221; global_colors_info=&#8221;{}&#8221;][et_pb_column type=&#8221;4_4&#8243; _builder_version=&#8221;4.16&#8243; custom_padding=&#8221;|||&#8221; custom_css_main_element=&#8221;margin:auto&#8221; global_colors_info=&#8221;{}&#8221; custom_padding__hover=&#8221;|||&#8221;][et_pb_text _builder_version=&#8221;4.17.4&#8243; _dynamic_attributes=&#8221;content&#8221; _module_preset=&#8221;default&#8221; text_text_color=&#8221;#FFFFFF&#8221; text_font_size=&#8221;70px&#8221; text_line_height=&#8221;1.1em&#8221; text_font_size_tablet=&#8221;70px&#8221; text_font_size_phone=&#8221;45px&#8221; text_font_size_last_edited=&#8221;on|phone&#8221; global_colors_info=&#8221;{}&#8221;]@ET-DC@eyJkeW5hbWljIjp0cnVlLCJjb250ZW50IjoicG9zdF90aXRsZSIsInNldHRpbmdzIjp7ImJlZm9yZSI6IiIsImFmdGVyIjoiIn19@[\/et_pb_text][\/et_pb_column][\/et_pb_row][\/et_pb_section][et_pb_section fb_built=&#8221;1&#8243; _builder_version=&#8221;4.17.4&#8243; _module_preset=&#8221;default&#8221; z_index=&#8221;0&#8243; custom_padding=&#8221;||18px|||&#8221; global_colors_info=&#8221;{}&#8221;][et_pb_row _builder_version=&#8221;4.17.4&#8243; _module_preset=&#8221;default&#8221; global_colors_info=&#8221;{}&#8221;][et_pb_column type=&#8221;4_4&#8243; _builder_version=&#8221;4.16&#8243; _module_preset=&#8221;default&#8221; global_colors_info=&#8221;{}&#8221;][et_pb_text _builder_version=&#8221;4.17.4&#8243; _module_preset=&#8221;default&#8221; text_text_color=&#8221;#454545&#8243; text_font_size=&#8221;23px&#8221; text_line_height=&#8221;1.5em&#8221; z_index=&#8221;0&#8243; text_orientation=&#8221;justified&#8221; width=&#8221;85%&#8221; module_alignment=&#8221;left&#8221; text_font_size_tablet=&#8221;23px&#8221; text_font_size_phone=&#8221;20px&#8221; text_font_size_last_edited=&#8221;on|phone&#8221; text_orientation_tablet=&#8221;justified&#8221; text_orientation_phone=&#8221;left&#8221; text_orientation_last_edited=&#8221;on|phone&#8221; global_colors_info=&#8221;{}&#8221;]<\/p>\n<p bis_size=\"{\"x\":11,\"y\":16,\"w\":681,\"h\":72,\"abs_x\":124,\"abs_y\":604}\"><span style=\"font-weight: 400;\">Concebemos e facilitamos <strong>programas inovadores<\/strong> que contribuem para a <strong>transforma\u00e7\u00e3o de pessoas e organiza\u00e7\u00f5es<\/strong> em mudan\u00e7a, utilizando metodologias inovadoras que incluem ferramentas de <strong>intelig\u00eancia emocional<\/strong>, <strong>processos participativos<\/strong> e <strong>jogos de<\/strong> todo o mundo que contribuem para resultados alinhados com o seu prop\u00f3sito.<\/span><\/p>\n<ol><\/ol>\n<p>[\/et_pb_text][\/et_pb_column][\/et_pb_row][et_pb_row _builder_version=&#8221;4.16&#8243; _module_preset=&#8221;default&#8221; global_colors_info=&#8221;{}&#8221;][et_pb_column type=&#8221;4_4&#8243; _builder_version=&#8221;4.16&#8243; _module_preset=&#8221;default&#8221; global_colors_info=&#8221;{}&#8221;][et_pb_text _builder_version=&#8221;4.16&#8243; _module_preset=&#8221;default&#8221; header_4_font=&#8221;|700||on|||||&#8221; header_4_text_align=&#8221;left&#8221; header_4_font_size=&#8221;33px&#8221; header_4_letter_spacing=&#8221;2px&#8221; global_colors_info=&#8221;{}&#8221;]<\/p>\n<h4 bis_size=\"{\"x\":11,\"y\":21,\"w\":411,\"h\":24,\"abs_x\":319,\"abs_y\":425}\">Estudos de caso.<\/h4>\n<div id=\"gtx-trans\" style=\"position: absolute; left: 111px; top: -4.73438px;\" bis_size=\"{\"x\":111,\"y\":-4,\"w\":0,\"h\":24,\"abs_x\":419,\"abs_y\":400}\">\n<div class=\"gtx-trans-icon\" bis_size=\"{\"x\":111,\"y\":-4,\"w\":0,\"h\":24,\"abs_x\":419,\"abs_y\":400}\"><\/div>\n<\/div>\n<p>[\/et_pb_text][et_pb_portfolio fullwidth=&#8221;off&#8221; posts_number=&#8221;3&#8243; include_categories=&#8221;32&#8243; show_categories=&#8221;off&#8221; show_pagination=&#8221;off&#8221; _builder_version=&#8221;4.16&#8243; _module_preset=&#8221;default&#8221; title_font=&#8221;|600|||||||&#8221; width=&#8221;100%&#8221; module_alignment=&#8221;center&#8221; custom_padding=&#8221;0px||||false|false&#8221; border_radii=&#8221;on|11px|11px|11px|11px&#8221; global_colors_info=&#8221;{}&#8221;][\/et_pb_portfolio][\/et_pb_column][\/et_pb_row][\/et_pb_section][et_pb_section fb_built=&#8221;1&#8243; _builder_version=&#8221;4.16&#8243; _module_preset=&#8221;default&#8221; background_color=&#8221;#F9F9F9&#8243; custom_padding=&#8221;58px|||||&#8221; global_colors_info=&#8221;{}&#8221;][et_pb_row column_structure=&#8221;3_5,2_5&#8243; _builder_version=&#8221;4.16&#8243; _module_preset=&#8221;default&#8221; global_colors_info=&#8221;{}&#8221;][et_pb_column type=&#8221;3_5&#8243; _builder_version=&#8221;4.16&#8243; _module_preset=&#8221;default&#8221; global_colors_info=&#8221;{}&#8221;][et_pb_text _builder_version=&#8221;4.16&#8243; _module_preset=&#8221;default&#8221; header_4_font=&#8221;|700||on|||||&#8221; header_4_text_align=&#8221;left&#8221; header_4_font_size=&#8221;33px&#8221; header_4_letter_spacing=&#8221;2px&#8221; global_colors_info=&#8221;{}&#8221;]<\/p>\n<h4 bis_size=\"{\"x\":11,\"y\":21,\"w\":411,\"h\":24,\"abs_x\":319,\"abs_y\":425}\">Sobre os nossos programas abertos<\/h4>\n<div id=\"gtx-trans\" style=\"position: absolute; left: 111px; top: -4.73438px;\" bis_size=\"{\"x\":111,\"y\":-4,\"w\":0,\"h\":24,\"abs_x\":419,\"abs_y\":400}\">\n<div class=\"gtx-trans-icon\" bis_size=\"{\"x\":111,\"y\":-4,\"w\":0,\"h\":24,\"abs_x\":419,\"abs_y\":400}\"><\/div>\n<\/div>\n<p>[\/et_pb_text][\/et_pb_column][et_pb_column type=&#8221;2_5&#8243; _builder_version=&#8221;4.16&#8243; _module_preset=&#8221;default&#8221; global_colors_info=&#8221;{}&#8221;][et_pb_button button_url=&#8221;#get-notified&#8221; button_text=&#8221;Ser Notificado&#8221; button_alignment=&#8221;right&#8221; disabled_on=&#8221;on|on|off&#8221; _builder_version=&#8221;4.16&#8243; _module_preset=&#8221;default&#8221; custom_button=&#8221;on&#8221; button_text_color=&#8221;#FFFFFF&#8221; button_bg_color=&#8221;#004E7C&#8221; button_border_radius=&#8221;8px&#8221; global_colors_info=&#8221;{}&#8221;][\/et_pb_button][\/et_pb_column][\/et_pb_row][et_pb_row _builder_version=&#8221;4.16&#8243; _module_preset=&#8221;default&#8221; global_colors_info=&#8221;{}&#8221;][et_pb_column type=&#8221;4_4&#8243; _builder_version=&#8221;4.16&#8243; _module_preset=&#8221;default&#8221; global_colors_info=&#8221;{}&#8221;][et_pb_text _builder_version=&#8221;4.17.4&#8243; _module_preset=&#8221;default&#8221; text_text_color=&#8221;#454545&#8243; text_font_size=&#8221;23px&#8221; text_line_height=&#8221;1.5em&#8221; text_orientation=&#8221;justified&#8221; width=&#8221;85%&#8221; module_alignment=&#8221;left&#8221; text_font_size_tablet=&#8221;23px&#8221; text_font_size_phone=&#8221;20px&#8221; text_font_size_last_edited=&#8221;on|phone&#8221; text_orientation_tablet=&#8221;justified&#8221; text_orientation_phone=&#8221;left&#8221; text_orientation_last_edited=&#8221;on|phone&#8221; global_colors_info=&#8221;{}&#8221;]<\/p>\n<p bis_size=\"{\"x\":11,\"y\":16,\"w\":411,\"h\":120,\"abs_x\":660,\"abs_y\":542}\"><span style=\"font-weight: 400;\" bis_size=\"{\"x\":11,\"y\":18,\"w\":403,\"h\":115,\"abs_x\":660,\"abs_y\":544}\">Na Humanfleet <strong>adoramos partilhar a nossa viagem de aprendizagem<\/strong> com todos aqueles interessados na transforma\u00e7\u00e3o, <strong>evolu\u00e7\u00e3o e profunda liga\u00e7\u00e3o \u00e0 vida<\/strong>. Acreditamos que a regenera\u00e7\u00e3o humana \u00e9 o primeiro passo para a regenera\u00e7\u00e3o do planeta.<\/span><\/p>\n<p bis_size=\"{\"x\":11,\"y\":152,\"w\":411,\"h\":72,\"abs_x\":660,\"abs_y\":678}\"><span style=\"font-weight: 400;\" bis_size=\"{\"x\":11,\"y\":154,\"w\":398,\"h\":67,\"abs_x\":660,\"abs_y\":680}\">Ao longo do ano, <strong>realizamos programas abertos<\/strong> para permitir ao maior n\u00famero poss\u00edvel de pessoas experimentar os nossos princ\u00edpios, metodologias de assinatura e programas.<\/span><\/p>\n<p bis_size=\"{\"x\":11,\"y\":240,\"w\":411,\"h\":72,\"abs_x\":660,\"abs_y\":766}\"><span style=\"font-weight: 400;\" bis_size=\"{\"x\":11,\"y\":242,\"w\":357,\"h\":67,\"abs_x\":660,\"abs_y\":768}\">Nestes tempos desafiantes <strong>as nossas almas anseiam por transforma\u00e7\u00e3o<\/strong>, por espa\u00e7os bem conservados, onde possamos <strong>abra\u00e7ar o futuro emergente<\/strong> e estabelecer parcerias com a vida.<\/span><\/p>\n<p bis_size=\"{\"x\":11,\"y\":328,\"w\":411,\"h\":48,\"abs_x\":660,\"abs_y\":854}\"><span style=\"font-weight: 400;\" bis_size=\"{\"x\":11,\"y\":330,\"w\":406,\"h\":43,\"abs_x\":660,\"abs_y\":856}\">Saudamos a <strong>diversidade<\/strong> e promovemos a <strong>inclus\u00e3o<\/strong> para fomentar a melhor vers\u00e3o de si mesmo.<\/span><\/p>\n<p bis_size=\"{\"x\":11,\"y\":392,\"w\":411,\"h\":72,\"abs_x\":660,\"abs_y\":918}\"><span style=\"font-weight: 400;\" bis_size=\"{\"x\":11,\"y\":394,\"w\":397,\"h\":67,\"abs_x\":660,\"abs_y\":920}\">Os nossos programas abertos incluem Dragon Dreaming, Coragem Criativa, Storytelling, O Trabalho que Reconecta, Mergulhando nos Sonhos (em parceria com Oceans and Flow) <\/span><\/p>\n<ol bis_size=\"{\"x\":11,\"y\":480,\"w\":411,\"h\":0,\"abs_x\":660,\"abs_y\":1006}\"><\/ol>\n<p>[\/et_pb_text][\/et_pb_column][\/et_pb_row][et_pb_row _builder_version=&#8221;4.16&#8243; _module_preset=&#8221;default&#8221; global_colors_info=&#8221;{}&#8221;][et_pb_column type=&#8221;4_4&#8243; _builder_version=&#8221;4.16&#8243; _module_preset=&#8221;default&#8221; global_colors_info=&#8221;{}&#8221;][et_pb_blog fullwidth=&#8221;off&#8221; include_categories=&#8221;36&#8243; show_author=&#8221;off&#8221; show_date=&#8221;off&#8221; show_categories=&#8221;off&#8221; show_excerpt=&#8221;off&#8221; show_pagination=&#8221;off&#8221; _builder_version=&#8221;4.16.0&#8243; _module_preset=&#8221;default&#8221; header_font=&#8221;|600||on|||||&#8221; header_letter_spacing=&#8221;1px&#8221; background_enable_color=&#8221;off&#8221; border_width_all=&#8221;0px&#8221; border_radii_image=&#8221;on|11px|11px|11px|11px&#8221; global_colors_info=&#8221;{}&#8221;][\/et_pb_blog][\/et_pb_column][\/et_pb_row][et_pb_row column_structure=&#8221;1_2,1_2&#8243; _builder_version=&#8221;4.16.0&#8243; _module_preset=&#8221;default&#8221; background_enable_color=&#8221;off&#8221; custom_margin=&#8221;0px||0px||true|false&#8221; custom_padding=&#8221;0px||0px||true|false&#8221; border_radii=&#8221;off|11px|11px||&#8221; global_colors_info=&#8221;{}&#8221;][et_pb_column type=&#8221;1_2&#8243; _builder_version=&#8221;4.16.0&#8243; _module_preset=&#8221;default&#8221; global_colors_info=&#8221;{}&#8221;][\/et_pb_column][et_pb_column type=&#8221;1_2&#8243; _builder_version=&#8221;4.16.0&#8243; _module_preset=&#8221;default&#8221; background_color=&#8221;#0080B2&#8243; custom_padding=&#8221;1em|2em|1em|2em|true|true&#8221; link_option_url=&#8221;#pr\u00f3ximo-programa aberto&#8221; sticky_position=&#8221;bottom&#8221; border_radii=&#8221;off|11px|11px||&#8221; global_colors_info=&#8221;{}&#8221;][et_pb_text _builder_version=&#8221;4.16.0&#8243; _module_preset=&#8221;default&#8221; text_font=&#8221;|600|||||||&#8221; text_text_color=&#8221;#FFFFFF&#8221; text_font_size=&#8221;18px&#8221; global_colors_info=&#8221;{}&#8221;]<\/p>\n<p bis_size=\"{\"x\":11,\"y\":16,\"w\":356,\"h\":120,\"abs_x\":1481,\"abs_y\":475}\">Consulte o nosso pr\u00f3ximo Programa Aberto<\/p>\n<p>[\/et_pb_text][\/et_pb_column][\/et_pb_row][et_pb_row column_structure=&#8221;1_2,1_2&#8243; custom_padding_last_edited=&#8221;on|phone&#8221; module_id=&#8221;next-open-program&#8221; _builder_version=&#8221;4.17.4&#8243; _module_preset=&#8221;default&#8221; background_color=&#8221;#FFFFFF&#8221; custom_margin=&#8221;4em||4em||true|false&#8221; custom_padding=&#8221;4em|4em|2em|4em|false|true&#8221; custom_padding_tablet=&#8221;4em|4em|2em|4em|false|true&#8221; custom_padding_phone=&#8221;4em|2em|2em|2em|false|true&#8221; border_radii=&#8221;on|8px|8px|8px|8px&#8221; box_shadow_style=&#8221;preset1&#8243; box_shadow_color=&#8221;rgba(0,38,58,0.11)&#8221; global_colors_info=&#8221;{}&#8221;][et_pb_column type=&#8221;1_2&#8243; _builder_version=&#8221;4.16&#8243; _module_preset=&#8221;default&#8221; global_colors_info=&#8221;{}&#8221;][et_pb_text _builder_version=&#8221;4.16&#8243; _module_preset=&#8221;default&#8221; header_4_font=&#8221;|700||on|||||&#8221; header_4_text_align=&#8221;left&#8221; header_4_font_size=&#8221;33px&#8221; header_4_letter_spacing=&#8221;2px&#8221; global_colors_info=&#8221;{}&#8221;]<\/p>\n<h4 bis_size=\"{\"x\":11,\"y\":21,\"w\":411,\"h\":24,\"abs_x\":319,\"abs_y\":425}\">Pr\u00f3ximos Programas Abertos<\/h4>\n<div id=\"gtx-trans\" style=\"position: absolute; left: 111px; top: -4.73438px;\" bis_size=\"{\"x\":111,\"y\":-4,\"w\":0,\"h\":24,\"abs_x\":419,\"abs_y\":400}\">\n<div class=\"gtx-trans-icon\" bis_size=\"{\"x\":111,\"y\":-4,\"w\":0,\"h\":24,\"abs_x\":419,\"abs_y\":400}\"><\/div>\n<\/div>\n<p>[\/et_pb_text][\/et_pb_column][et_pb_column type=&#8221;1_2&#8243; _builder_version=&#8221;4.16&#8243; _module_preset=&#8221;default&#8221; global_colors_info=&#8221;{}&#8221;][et_pb_image src=&#8221;https:\/\/humanfleet.org\/wp-content\/uploads\/2023\/09\/Executive-Storytelling-and-Leadership.jpg&#8221; title_text=&#8221;Workshop Executivo Storytelling e Lideran\u00e7a&#8221; url=&#8221;https:\/\/executivestorytelling.my.canva.site&#8221; _builder_version=&#8221;4.22.1&#8243; _module_preset=&#8221;default&#8221; border_radii=&#8221;on|11px|11px|11px|11px&#8221; global_colors_info=&#8221;{}&#8221;][\/et_pb_image][et_pb_text _builder_version=&#8221;4.22.1&#8243; _module_preset=&#8221;default&#8221; global_colors_info=&#8221;{}&#8221;]<\/p>\n<h4><span style=\"font-weight: 400;\">Workshop Executivo Storytelling e Lideran\u00e7a<\/span><\/h4>\n<h4><span style=\"font-weight: 400;\">25 Outubro 2023<\/span><\/h4>\n<p><span style=\"font-weight: 400;\"><\/span>Lisboa &#8211; Portugal<\/p>\n<p><a href=\"https:\/\/executivestorytelling.my.canva.site\"><strong>Mais detalhes <\/strong><\/a><\/p>\n<p>[\/et_pb_text][\/et_pb_column][\/et_pb_row][et_pb_row custom_padding_last_edited=&#8221;on|phone&#8221; _builder_version=&#8221;4.17.4&#8243; _module_preset=&#8221;default&#8221; use_background_color_gradient=&#8221;on&#8221; background_color_gradient_stops=&#8221;#004e7c 0%|#0080b2 100%&#8221; background_color_gradient_start=&#8221;#004e7c&#8221; background_color_gradient_end=&#8221;#0080b2&#8243; custom_margin=&#8221;2em||||false|false&#8221; custom_margin_last_edited=&#8221;off|phone&#8221; custom_padding=&#8221;|2em||2em|false|true&#8221; custom_padding_tablet=&#8221;|2em||2em|false|true&#8221; custom_padding_phone=&#8221;|1em||1em|false|true&#8221; border_radii=&#8221;on|8px|8px|8px|8px&#8221; box_shadow_style=&#8221;preset1&#8243; box_shadow_color=&#8221;rgba(0,0,0,0.17)&#8221; global_colors_info=&#8221;{}&#8221;][et_pb_column type=&#8221;4_4&#8243; _builder_version=&#8221;4.16&#8243; _module_preset=&#8221;default&#8221; global_colors_info=&#8221;{}&#8221;][et_pb_signup provider=&#8221;mailerlite&#8221; mailerlite_list=&#8221;HumanFleet|103305860&#8243; title=&#8221;Ser Notificado&#8221; description=&#8221;<\/p>\n<p bis_size=%22{%22 x=%22%22 y=%22%22 w=%22%22 h=%22%22 abs_x=%22%22 abs_y=%22%22 :11=%22%22 :16=%22%22 :411=%22%22 :48=%22%22 :1039=%22%22 :721=%22%22>Subscreva a nossa newsletter e seja notificado sempre que anunciamos um novo programa aberto.<\/p>\n<p bis_size=%22{%22 x=%22%22 y=%22%22 w=%22%22 h=%22%22 abs_x=%22%22 abs_y=%22%22 :11=%22%22 :80=%22%22 :411=%22%22 :24=%22%22 :1039=%22%22 :785=%22%22>Espero v\u00ea-lo(a) em breve!<\/p>\n<p>&#8221; _builder_version=&#8221;4.17.4&#8243; _module_preset=&#8221;default&#8221; form_field_text_color=&#8221;rgba(51,51,51,0.6)&#8221; form_field_focus_text_color=&#8221;#333333&#8243; header_font=&#8221;|700||on|||||&#8221; header_font_size=&#8221;37px&#8221; header_line_height=&#8221;2.3em&#8221; body_font_size=&#8221;16px&#8221; form_field_font=&#8221;|||on|||||&#8221; form_field_text_align=&#8221;center&#8221; form_field_letter_spacing=&#8221;1px&#8221; background_enable_color=&#8221;off&#8221; custom_button=&#8221;on&#8221; button_bg_color=&#8221;#BC4FBF&#8221; button_border_width=&#8221;0px&#8221; button_border_radius=&#8221;8px&#8221; button_letter_spacing=&#8221;1px&#8221; button_font=&#8221;|600||on|||||&#8221; header_font_size_tablet=&#8221;37px&#8221; header_font_size_phone=&#8221;35px&#8221; header_font_size_last_edited=&#8221;on|phone&#8221; header_line_height_tablet=&#8221;2.3em&#8221; header_line_height_phone=&#8221;1em&#8221; header_line_height_last_edited=&#8221;on|phone&#8221; global_colors_info=&#8221;{}&#8221; custom_css_newsletter_title_last_edited=&#8221;on|phone&#8221; custom_css_newsletter_title_phone=&#8221;padding-bottom:1em&#8221;][\/et_pb_signup][\/et_pb_column][\/et_pb_row][\/et_pb_section]<\/p>\n","protected":false},"excerpt":{"rendered":"<p>Concebemos e facilitamos programas inovadores que contribuem para a transforma\u00e7\u00e3o de pessoas e organiza\u00e7\u00f5es em mudan\u00e7a, utilizando metodologias inovadoras que incluem ferramentas de intelig\u00eancia emocional, processos participativos e jogos de todo o mundo que contribuem para resultados alinhados com o seu prop\u00f3sito. Estudos de caso. Sobre os nossos programas abertos Na Humanfleet adoramos partilhar a [&hellip;]<\/p>\n","protected":false},"author":1,"featured_media":0,"parent":1793,"menu_order":0,"comment_status":"closed","ping_status":"closed","template":"","meta":{"_et_pb_use_builder":"on","_et_pb_old_content":"","_et_gb_content_width":"","footnotes":""},"class_list":["post-1808","page","type-page","status-publish","hentry"],"_links":{"self":[{"href":"https:\/\/humanfleet.org\/pt-pt\/wp-json\/wp\/v2\/pages\/1808","targetHints":{"allow":["GET"]}}],"collection":[{"href":"https:\/\/humanfleet.org\/pt-pt\/wp-json\/wp\/v2\/pages"}],"about":[{"href":"https:\/\/humanfleet.org\/pt-pt\/wp-json\/wp\/v2\/types\/page"}],"author":[{"embeddable":true,"href":"https:\/\/humanfleet.org\/pt-pt\/wp-json\/wp\/v2\/users\/1"}],"replies":[{"embeddable":true,"href":"https:\/\/humanfleet.org\/pt-pt\/wp-json\/wp\/v2\/comments?post=1808"}],"version-history":[{"count":27,"href":"https:\/\/humanfleet.org\/pt-pt\/wp-json\/wp\/v2\/pages\/1808\/revisions"}],"predecessor-version":[{"id":2482,"href":"https:\/\/humanfleet.org\/pt-pt\/wp-json\/wp\/v2\/pages\/1808\/revisions\/2482"}],"up":[{"embeddable":true,"href":"https:\/\/humanfleet.org\/pt-pt\/wp-json\/wp\/v2\/pages\/1793"}],"wp:attachment":[{"href":"https:\/\/humanfleet.org\/pt-pt\/wp-json\/wp\/v2\/media?parent=1808"}],"curies":[{"name":"wp","href":"https:\/\/api.w.org\/{rel}","templated":true}]}}