{"id":1814,"date":"2022-03-09T16:52:44","date_gmt":"2022-03-09T16:52:44","guid":{"rendered":"https:\/\/humanfleet.org\/o-nosso-trabalho\/palestras\/"},"modified":"2023-05-17T01:48:25","modified_gmt":"2023-05-17T01:48:25","slug":"palestras","status":"publish","type":"page","link":"https:\/\/humanfleet.org\/pt-pt\/o-nosso-trabalho\/palestras\/","title":{"rendered":"Palestras"},"content":{"rendered":"<p>[et_pb_section fb_built=&#8221;1&#8243; admin_label=&#8221;Hero Section&#8221; module_class=&#8221;dh-valign-center-section&#8221; _builder_version=&#8221;4.21.0&#8243; use_background_color_gradient=&#8221;on&#8221; background_color_gradient_direction=&#8221;105deg&#8221; background_color_gradient_stops=&#8221;#004e7c 0%|rgba(38,64,89,0) 100%&#8221; background_color_gradient_overlays_image=&#8221;on&#8221; background_color_gradient_start=&#8221;#004e7c&#8221; background_color_gradient_end=&#8221;rgba(38,64,89,0)&#8221; background_image=&#8221;https:\/\/humanfleet.org\/wp-content\/uploads\/2023\/05\/fcg-bolseiros-humanfleet-15.jpg&#8221; background_position=&#8221;bottom_left&#8221; background_vertical_offset=&#8221;23%&#8221; height=&#8221;35vh&#8221; custom_padding=&#8221;|0px||0px|true|false&#8221; hover_enabled=&#8221;0&#8243; global_colors_info=&#8221;{}&#8221; title_text=&#8221;fcg-bolseiros-humanfleet-15&#8243; sticky_enabled=&#8221;0&#8243;][et_pb_row make_equal=&#8221;on&#8221; custom_padding_last_edited=&#8221;on|desktop&#8221; _builder_version=&#8221;4.16&#8243; background_size=&#8221;initial&#8221; background_position=&#8221;top_left&#8221; background_repeat=&#8221;repeat&#8221; width=&#8221;50%&#8221; width_tablet=&#8221;100%&#8221; width_phone=&#8221;100%&#8221; width_last_edited=&#8221;on|desktop&#8221; module_alignment=&#8221;left&#8221; custom_margin=&#8221;||||false|false&#8221; custom_padding=&#8221;|||8%|false|false&#8221; custom_padding_tablet=&#8221;|||8%|false|false&#8221; custom_padding_phone=&#8221;|||8%|false|false&#8221; global_colors_info=&#8221;{}&#8221;][et_pb_column type=&#8221;4_4&#8243; _builder_version=&#8221;4.16&#8243; custom_padding=&#8221;|||&#8221; custom_css_main_element=&#8221;margin:auto&#8221; global_colors_info=&#8221;{}&#8221; custom_padding__hover=&#8221;|||&#8221;][et_pb_text _builder_version=&#8221;4.17.4&#8243; _dynamic_attributes=&#8221;content&#8221; _module_preset=&#8221;default&#8221; text_text_color=&#8221;#FFFFFF&#8221; text_font_size=&#8221;70px&#8221; text_line_height=&#8221;1.1em&#8221; text_font_size_tablet=&#8221;70px&#8221; text_font_size_phone=&#8221;45px&#8221; text_font_size_last_edited=&#8221;on|phone&#8221; global_colors_info=&#8221;{}&#8221;]@ET-DC@eyJkeW5hbWljIjp0cnVlLCJjb250ZW50IjoicG9zdF90aXRsZSIsInNldHRpbmdzIjp7ImJlZm9yZSI6IiIsImFmdGVyIjoiIn19@[\/et_pb_text][\/et_pb_column][\/et_pb_row][\/et_pb_section][et_pb_section fb_built=&#8221;1&#8243; _builder_version=&#8221;4.16&#8243; _module_preset=&#8221;default&#8221; global_colors_info=&#8221;{}&#8221;][et_pb_row column_structure=&#8221;2_3,1_3&#8243; use_custom_gutter=&#8221;on&#8221; gutter_width=&#8221;4&#8243; make_equal=&#8221;on&#8221; _builder_version=&#8221;4.16.0&#8243; _module_preset=&#8221;default&#8221; global_colors_info=&#8221;{}&#8221;][et_pb_column type=&#8221;2_3&#8243; _builder_version=&#8221;4.16.0&#8243; _module_preset=&#8221;default&#8221; custom_css_main_element=&#8221;margin: auto 0;&#8221; global_colors_info=&#8221;{}&#8221;][et_pb_text _builder_version=&#8221;4.17.4&#8243; _module_preset=&#8221;default&#8221; text_text_color=&#8221;#454545&#8243; text_font_size=&#8221;23px&#8221; text_line_height=&#8221;1.2em&#8221; text_orientation=&#8221;justified&#8221; text_font_size_tablet=&#8221;23px&#8221; text_font_size_phone=&#8221;20px&#8221; text_font_size_last_edited=&#8221;on|phone&#8221; text_orientation_tablet=&#8221;justified&#8221; text_orientation_phone=&#8221;left&#8221; text_orientation_last_edited=&#8221;on|phone&#8221; global_colors_info=&#8221;{}&#8221;]<\/p>\n<p bis_size=\"{\"x\":11,\"y\":16,\"w\":356,\"h\":72,\"abs_x\":1337,\"abs_y\":485}\"><span style=\"font-weight: 400;\" bis_size=\"{\"x\":11,\"y\":18,\"w\":332,\"h\":67,\"abs_x\":1337,\"abs_y\":487}\">As confer\u00eancias que proferimos s\u00e3o <strong>emp\u00e1ticas<\/strong>, <strong>interactivas<\/strong> e <strong>despertam<\/strong> na audi\u00eancia o desejo de saber mais e agir para <strong>transformar<\/strong>.<\/span><\/p>\n<ol bis_size=\"{\"x\":11,\"y\":104,\"w\":356,\"h\":0,\"abs_x\":1337,\"abs_y\":573}\"><\/ol>\n<p>[\/et_pb_text][\/et_pb_column][et_pb_column type=&#8221;1_3&#8243; _builder_version=&#8221;4.16&#8243; _module_preset=&#8221;default&#8221; global_colors_info=&#8221;{}&#8221;][et_pb_image src=&#8221;https:\/\/humanfleet.org\/wp-content\/uploads\/2023\/05\/Talk_Culturgest_Virgilio_Varela-copia.png&#8221; title_text=&#8221;Talk_Culturgest_Virgilio_Varela&#8221; _builder_version=&#8221;4.21.0&#8243; _module_preset=&#8221;default&#8221; hover_enabled=&#8221;0&#8243; border_radii=&#8221;on|11px|11px|11px|11px&#8221; box_shadow_style=&#8221;preset1&#8243; box_shadow_color=&#8221;rgba(0,0,0,0.2)&#8221; global_colors_info=&#8221;{}&#8221; sticky_enabled=&#8221;0&#8243;][\/et_pb_image][\/et_pb_column][\/et_pb_row][et_pb_row use_custom_gutter=&#8221;on&#8221; gutter_width=&#8221;4&#8243; _builder_version=&#8221;4.16.0&#8243; _module_preset=&#8221;default&#8221; global_colors_info=&#8221;{}&#8221;][et_pb_column type=&#8221;4_4&#8243; _builder_version=&#8221;4.16&#8243; _module_preset=&#8221;default&#8221; global_colors_info=&#8221;{}&#8221;][et_pb_text _builder_version=&#8221;4.16&#8243; _module_preset=&#8221;default&#8221; header_4_font=&#8221;|600||on|||||&#8221; header_4_letter_spacing=&#8221;1px&#8221; global_colors_info=&#8221;{}&#8221;]<\/p>\n<h4 bis_size=\"{\"x\":11,\"y\":21,\"w\":411,\"h\":24,\"abs_x\":319,\"abs_y\":425}\">Estudos de caso<\/h4>\n<div id=\"gtx-trans\" style=\"position: absolute; left: 111px; top: -4.73438px;\" bis_size=\"{\"x\":111,\"y\":-4,\"w\":0,\"h\":24,\"abs_x\":419,\"abs_y\":400}\">\n<div class=\"gtx-trans-icon\" bis_size=\"{\"x\":111,\"y\":-4,\"w\":0,\"h\":24,\"abs_x\":419,\"abs_y\":400}\"><\/div>\n<\/div>\n<p>[\/et_pb_text][et_pb_code _builder_version=&#8221;4.16&#8243; _module_preset=&#8221;default&#8221; global_colors_info=&#8221;{}&#8221;]<iframe loading=\"lazy\" width=\"560\" height=\"315\" src=\"https:\/\/www.youtube.com\/embed\/pkLyopWGu7s\" title=\"YouTube video player\" frameborder=\"0\" allow=\"accelerometer; autoplay; clipboard-write; encrypted-media; gyroscope; picture-in-picture\" allowfullscreen=\"\"><\/iframe>[\/et_pb_code][\/et_pb_column][\/et_pb_row][\/et_pb_section]<\/p>\n","protected":false},"excerpt":{"rendered":"<p>As confer\u00eancias que proferimos s\u00e3o emp\u00e1ticas, interactivas e despertam na audi\u00eancia o desejo de saber mais e agir para transformar. Estudos de caso<\/p>\n","protected":false},"author":1,"featured_media":0,"parent":1793,"menu_order":0,"comment_status":"closed","ping_status":"closed","template":"","meta":{"_et_pb_use_builder":"on","_et_pb_old_content":"","_et_gb_content_width":"","footnotes":""},"class_list":["post-1814","page","type-page","status-publish","hentry"],"_links":{"self":[{"href":"https:\/\/humanfleet.org\/pt-pt\/wp-json\/wp\/v2\/pages\/1814","targetHints":{"allow":["GET"]}}],"collection":[{"href":"https:\/\/humanfleet.org\/pt-pt\/wp-json\/wp\/v2\/pages"}],"about":[{"href":"https:\/\/humanfleet.org\/pt-pt\/wp-json\/wp\/v2\/types\/page"}],"author":[{"embeddable":true,"href":"https:\/\/humanfleet.org\/pt-pt\/wp-json\/wp\/v2\/users\/1"}],"replies":[{"embeddable":true,"href":"https:\/\/humanfleet.org\/pt-pt\/wp-json\/wp\/v2\/comments?post=1814"}],"version-history":[{"count":10,"href":"https:\/\/humanfleet.org\/pt-pt\/wp-json\/wp\/v2\/pages\/1814\/revisions"}],"predecessor-version":[{"id":2382,"href":"https:\/\/humanfleet.org\/pt-pt\/wp-json\/wp\/v2\/pages\/1814\/revisions\/2382"}],"up":[{"embeddable":true,"href":"https:\/\/humanfleet.org\/pt-pt\/wp-json\/wp\/v2\/pages\/1793"}],"wp:attachment":[{"href":"https:\/\/humanfleet.org\/pt-pt\/wp-json\/wp\/v2\/media?parent=1814"}],"curies":[{"name":"wp","href":"https:\/\/api.w.org\/{rel}","templated":true}]}}